{"id":20026,"date":"2022-09-07T07:55:14","date_gmt":"2022-09-07T06:55:14","guid":{"rendered":"https:\/\/futurfinances.com\/?page_id=20026"},"modified":"2022-09-07T14:53:56","modified_gmt":"2022-09-07T13:53:56","slug":"hipoteca-per-a-funcionaris","status":"publish","type":"page","link":"https:\/\/futurfinances.com\/ca\/hipoteca-per-a-funcionaris\/","title":{"rendered":"Hipoteca per a funcionaris"},"content":{"rendered":"<div id='av_section_1'  class='avia-section av-ko1e9r5b-e6c0eed655a6e110ae6deeb314348dfb main_color avia-section-no-padding avia-no-border-styling  avia-builder-el-0  el_before_av_textblock  avia-builder-el-first  av-mini-hide avia-bg-style-scroll container_wrap sidebar_right'  ><div class='container av-section-cont-open' ><main  role=\"main\" itemprop=\"mainContentOfPage\"  class='template-page content  av-content-small alpha units'><div class='post-entry post-entry-type-page post-entry-20026'><div class='entry-content-wrapper clearfix'>\r\n\n<style type=\"text\/css\" data-created_by=\"avia_inline_auto\" id=\"style-css-av-ko1e9esc-ba3a826920b5b911bcb93ba862573495\">\n.avia-image-container.av-ko1e9esc-ba3a826920b5b911bcb93ba862573495 img.avia_image{\nbox-shadow:none;\n}\n.avia-image-container.av-ko1e9esc-ba3a826920b5b911bcb93ba862573495 .av-image-caption-overlay-center{\ncolor:#ffffff;\n}\n<\/style>\n<div  class='avia-image-container av-ko1e9esc-ba3a826920b5b911bcb93ba862573495 av-styling- avia-align-center  avia-builder-el-1  avia-builder-el-no-sibling '   itemprop=\"image\" itemscope=\"itemscope\" itemtype=\"https:\/\/schema.org\/ImageObject\" ><div class=\"avia-image-container-inner\"><div class=\"avia-image-overlay-wrap\"><img decoding=\"async\" fetchpriority=\"high\" class='wp-image-50766 avia-img-lazy-loading-not-50766 avia_image ' src=\"https:\/\/futurfinances.com\/wp-content\/uploads\/2018\/07\/hipotecas_funcionarios.jpg\" alt='Hipoteca para funcionarios' title='hipotecas para funcionarios'  height=\"600\" width=\"1594\"  itemprop=\"thumbnailUrl\" srcset=\"https:\/\/futurfinances.com\/wp-content\/uploads\/2018\/07\/hipotecas_funcionarios.jpg 1594w, https:\/\/futurfinances.com\/wp-content\/uploads\/2018\/07\/hipotecas_funcionarios-300x113.jpg 300w, https:\/\/futurfinances.com\/wp-content\/uploads\/2018\/07\/hipotecas_funcionarios-768x289.jpg 768w, https:\/\/futurfinances.com\/wp-content\/uploads\/2018\/07\/hipotecas_funcionarios-1030x388.jpg 1030w, https:\/\/futurfinances.com\/wp-content\/uploads\/2018\/07\/hipotecas_funcionarios-1500x565.jpg 1500w, https:\/\/futurfinances.com\/wp-content\/uploads\/2018\/07\/hipotecas_funcionarios-705x265.jpg 705w\" sizes=\"(max-width: 1594px) 100vw, 1594px\" \/><\/div><\/div><\/div>\r\n<\/div><\/div><\/main><!-- close content main element --><\/div><\/div><div id='after_section_1'  class='main_color av_default_container_wrap container_wrap sidebar_right'  ><div class='container av-section-cont-open' ><div class='template-page content  av-content-small alpha units'><div class='post-entry post-entry-type-page post-entry-20026'><div class='entry-content-wrapper clearfix'>\r\n\r\n<section  class='av_textblock_section av-3478g7-90b51a33d6829b0005a34f4d1eae4706 '   itemscope=\"itemscope\" itemtype=\"https:\/\/schema.org\/CreativeWork\" ><div class='avia_textblock'  itemprop=\"text\" ><p style=\"text-align: justify;\">Si cerques la millor hipoteca per a funcionaris has arribat al lloc que buscaves. A m\u00e9s de recomanar-te emplenis el nostre <a href=\"https:\/\/futurfinances.com\/buscas-la-mejor-hipoteca-no-pagues-de-mas\/\" target=\"_blank\" rel=\"noopener\">formulari hipotecari<\/a>, sense comprom\u00eds, perqu\u00e8 un intermediari hipotecari especialitzat en hipoteques per a funcionaris analitzi el teu cas de forma personalitzada, la lectura de la seg\u00fcent an\u00e0lisi sobre les hipoteques per a funcionaris, feta pel nostre economista i expert en finances <a href=\"https:\/\/paumonserrat.com\/ca\/\" target=\"_blank\" rel=\"noopener\">Pau A. Monserrat<\/a>, et ser\u00e0 de la m\u00e0xima utilitat.<\/p>\n<p style=\"text-align: justify;\">Els intermediaris de cr\u00e8dit immobiliari seleccionats per aquest portal poden oferir una hipoteca funcionaris segons possibilitats, necessitats i objectius del client, amb les seg\u00fcents condicions (condicionades a l&#8217;an\u00e0lisi de riscos de cada entitat financera):<\/p>\n<h2>Hipoteca funcionaris al 100% de compravenda<\/h2>\n<ul>\n<li>A partir d&#8217;un tipus fix nominal del <strong>1,70% a 30 anys<\/strong> (<strong>TAE del 2,546%<\/strong>), fins al 100% del valor de compravenda si no se supera el 80% del valor de taxaci\u00f3.<\/li>\n<li>A partir d&#8217;un <b>tipus variable<\/b> de <strong>Euribor + 0,49%<\/strong> (<strong>TAE variable<\/strong> del <strong>1,192%<\/strong>). Hipoteca al 100% de compra i 80% de taxaci\u00f3.<\/li>\n<\/ul>\n<p style=\"text-align: justify;\"><a href=\"https:\/\/hipotecaparafuncionarios.com\/wp-content\/uploads\/2022\/08\/IB_Info_Prec_Hip_Func_Iber_21_08_2022.pdf\" target=\"_blank\" rel=\"noopener nofollow\">Consultar informaci\u00f3 precontractual<\/a> de l&#8217;intermediari hipotecari seleccionat per aquest portal per a m\u00e9s informaci\u00f3 sobre condicions financeres i c\u00e0lcul de TAE aplicable en el moment de publicar aquest article (condicions v\u00e0lides <strong>fins 30\/09\/2022<\/strong>).<\/p>\n<p style=\"text-align: center;\"><div  class='av_promobox av-34ru6i-a9a48801d0d1cfd51bdf16abf7ed28d7 avia-button-yes  avia-builder-el-3  avia-builder-el-no-sibling '><div class='avia-promocontent'><p>\nContacta amb <strong>broker hipotecari seleccionat<\/strong><\/p>\n<\/div><div  class='avia-button-wrap av-34ru6i-dfb0cdd099fdf9bccba0c0d413e2c7aa-wrap avia-button-right '><a href='https:\/\/futurfinances.com\/buscas-la-mejor-hipoteca-no-pagues-de-mas\/'  class='avia-button av-34ru6i-dfb0cdd099fdf9bccba0c0d413e2c7aa av-link-btn avia-icon_select-no avia-size-medium avia-position-right avia-color-blue'  target=\"_blank\"  rel=\"noopener noreferrer\"  aria-label=\"&lt;strong&gt;Contactar&lt;\/strong&gt;\"><span class='avia_iconbox_title' ><strong>Contactar<\/strong><\/span><\/a><\/div><\/div><br \/>\n<!-- \/wp:post-content --><\/p>\n<h2>La teva hipoteca per a funcionaris amb Futur Finances<\/h2>\n<p style=\"text-align: justify;\">La primera pregunta que qualsevol funcionari que busqui contractar una hipoteca competitiva ha de fer-se, quan arriba a aquest article d&#8217;an\u00e0lisi, \u00e9s per qu\u00e8 val la pena que els brokers hipotecaris seleccionats pel portal gestionin el seu pr\u00e9stec, en lloc d&#8217;acudir ells directament al seu banc. Al cap i a l&#8217;\u00faltim, els brokers cobren uns honoraris si aconsegueixen la hipoteca i el nostre banc no cert?<\/p>\n<p style=\"text-align: justify;\">No, no \u00e9s cert. Els nostres brokers hipotecaris cobren honoraris si aconsegueixen que els bancs amb els quals treballen aprovin una hipoteca al client, certament. Per\u00f2 nom\u00e9s si les condicions d&#8217;aquesta hipoteca s\u00f3n les que el funcionari considera millors. Si no desitja signar, no es paguen honoraris. D&#8217;altra banda, si b\u00e9 els bancs no ens cobren directament honoraris, carreguen comissions, interessos i costos de productes associats que acaben sortint m\u00e9s cars que els honoraris d&#8217;un broker competitiu.<\/p>\n<p style=\"text-align: justify;\">En segon lloc, tramitar una hipoteca per a funcionaris amb nosaltres suposa tenir acc\u00e9s als <strong>professionals hipotecaris m\u00e9s seriosos i professionals del pa\u00eds<\/strong>, seleccionats per l&#8217;equip d&#8217;advocats i economistes de Futur Finances. La normativa aplicable als intermediaris de cr\u00e8dit immobiliari que gestionen hipoteques per a persones f\u00edsiques que financen un immoble d&#8217;\u00fas residencial \u00e9s la Llei 5\/2019. Futur Finances nom\u00e9s accepta col\u00b7laboradors que compleixin amb la lletra i l&#8217;esperit d&#8217;aquesta normativa.<\/p>\n<p style=\"text-align: justify;\">Finalment, els col\u00b7laboradors d&#8217;aquest portal coneixen perfectament el mercat hipotecari i manegen un volum alt d&#8217;operacions hipotec\u00e0ries, la qual cosa els permet oferir una hipoteca per a funcionaris millor que la que qualsevol funcionari sense aquests coneixements pot obtenir acudint directament a les entitats financeres. A m\u00e9s, sense haver de dedicar-li temps i maldecaps: t&#8217;oferim la <strong>hipoteca per a funcionaris &#8220;clau en m\u00e0&#8221;<\/strong>.<\/p>\n<h2>S\u00f3n m\u00e9s barates les hipoteques de funcionaris?<\/h2>\n<p style=\"text-align: justify;\">Aix\u00ed \u00e9s. Com a regla general, la banca aprova als funcionaris de carrera una millor consideraci\u00f3 que als indefinits o aut\u00f2noms. La ra\u00f3 \u00e9s ben senzilla: l&#8217;estabilitat laboral d&#8217;un funcionari \u00e9s pr\u00e0cticament absoluta. I tenir ingressos peri\u00f2dics assegurats \u00e9s una excel\u00b7lent carta de presentaci\u00f3 banc\u00e0ria.<\/p>\n<p style=\"text-align: justify;\">Tot i aix\u00ed, ser funcionari per si sol no garanteix aconseguir la millor hipoteca. El perfil particular de cadascun influeix en la concessi\u00f3 de la hipoteca. Els estalvis que aportem, l&#8217;endeutament previ, tenir o no propietats a m\u00e9s de l&#8217;immoble que es vol comprar, si es compra amb un altre funcionari o amb un titular amb altres tipus de contracte influeixen en l&#8217;an\u00e0lisi de risc que fan els bancs.<\/p>\n<p style=\"text-align: justify;\">Els col\u00b7laboradors de Futur Finances saben com plantejar millor un expedient hipotecari per a fer m\u00e0ximes les possibilitats d&#8217;aconseguir una hipoteca amb les millors condicions d&#8217;inter\u00e8s i comissions possibles, a m\u00e9s de la menor vinculaci\u00f3 possible (d&#8217;assegurances i altres productes).<\/p>\n<p style=\"text-align: justify;\">Sol\u00b7licita informaci\u00f3 sobre les condicions financeres de <strong>la teva hipoteca per a funcionaris<\/strong> <a href=\"https:\/\/futurfinances.com\/buscas-la-mejor-hipoteca-no-pagues-de-mas\/\" target=\"_blank\" rel=\"noopener\">aqu\u00ed<\/a>.<\/p>\n<\/div><\/section><!-- \/wp:freeform -->","protected":false},"excerpt":{"rendered":"<\/div>\n<\/div>\n<\/div>\n<p><!-- close content main div --><\/div>\n<\/div>\n<div id='av_section_2'  class='avia-section av-ko1e9r5b-e6c0eed655a6e110ae6deeb314348dfb main_color avia-section-no-padding avia-no-border-styling av-mini-hide avia-bg-style-scroll container_wrap sidebar_right'  >\n<div class='container av-section-cont-open' >\n<div class='template-page content  av-content-small alpha units'>\n<div class='post-entry post-entry-type-page post-entry-20026'>\n<div class='entry-content-wrapper clearfix'>\n<style type=\"text\/css\" data-created_by=\"avia_inline_auto\" id=\"style-css-av-ko1e9esc-ba3a826920b5b911bcb93ba862573495\">\n.avia-image-container.av-ko1e9esc-ba3a826920b5b911bcb93ba862573495 img.avia_image{\nbox-shadow:none;\n}\n.avia-image-container.av-ko1e9esc-ba3a826920b5b911bcb93ba862573495 .av-image-caption-overlay-center{\ncolor:#ffffff;\n}\n<\/style>\n<div  class='avia-image-container av-ko1e9esc-ba3a826920b5b911bcb93ba862573495 av-styling- avia-align-center'   itemprop=\"image\" itemscope=\"itemscope\" itemtype=\"https:\/\/schema.org\/ImageObject\" >\n<div class=\"avia-image-container-inner\">\n<div class=\"avia-image-overlay-wrap\"><\/div>\n<\/div>\n<\/div>\n<\/div>\n<\/div>\n<\/div>\n<p><!-- close content main div --><\/div>\n<\/div>\n<div id='after_section_2'  class='main_color av_default_container_wrap container_wrap sidebar_right'  >\n<div class='container av-section-cont-open' >\n<div class='template-page content  av-content-small alpha units'>\n<div class='post-entry post-entry-type-page post-entry-20026'>\n<div class='entry-content-wrapper clearfix'>\n<section  class='av_textblock_section av-3478g7-90b51a33d6829b0005a34f4d1eae4706 '   itemscope=\"itemscope\" itemtype=\"https:\/\/schema.org\/CreativeWork\" >\n<div class='avia_textblock'  itemprop=\"text\" >\n<p style=\"text-align: justify;\">Si cerques la millor hipoteca per a funcionaris has arribat al lloc que buscaves. A m\u00e9s de recomanar-te emplenis el nostre <a href=\"https:\/\/futurfinances.com\/buscas-la-mejor-hipoteca-no-pagues-de-mas\/\" target=\"_blank\" rel=\"noopener\">formulari hipotecari<\/a>, sense comprom\u00eds, perqu\u00e8 un intermediari hipotecari especialitzat en hipoteques per a funcionaris analitzi el teu cas de forma personalitzada, la lectura de la seg\u00fcent an\u00e0lisi sobre les hipoteques per a funcionaris, feta pel nostre economista i expert en finances <a href=\"https:\/\/paumonserrat.com\/ca\/\" target=\"_blank\" rel=\"noopener\">Pau A. Monserrat<\/a>, et ser\u00e0 de la m\u00e0xima utilitat.<\/p>\n","protected":false},"author":2,"featured_media":50766,"parent":0,"menu_order":0,"comment_status":"closed","ping_status":"closed","template":"","meta":{"footnotes":""},"class_list":["post-20026","page","type-page","status-publish","has-post-thumbnail","hentry"],"yoast_head":"<!-- This site is optimized with the Yoast SEO plugin v27.2 - https:\/\/yoast.com\/product\/yoast-seo-wordpress\/ -->\n<title>Hipoteca per a funcionaris amb gesti\u00f3 experta - Futur Finances<\/title>\n<meta name=\"description\" content=\"Hipoteca per a funcionaris 100% a partir de 1,70% nominal fix (2,546% TAE) i Euribor+0,49% variable (TAE var 1,129%)! Brokers experts.\" \/>\n<meta name=\"robots\" content=\"index, follow, max-snippet:-1, max-image-preview:large, max-video-preview:-1\" \/>\n<link rel=\"canonical\" href=\"https:\/\/futurfinances.com\/ca\/hipoteca-per-a-funcionaris\/\" \/>\n<meta property=\"og:locale\" content=\"en_US\" \/>\n<meta property=\"og:type\" content=\"article\" \/>\n<meta property=\"og:title\" content=\"Hipoteca per a funcionaris amb gesti\u00f3 experta - Futur Finances\" \/>\n<meta property=\"og:description\" content=\"Hipoteca per a funcionaris 100% a partir de 1,70% nominal fix (2,546% TAE) i Euribor+0,49% variable (TAE var 1,129%)! Brokers experts.\" \/>\n<meta property=\"og:url\" content=\"https:\/\/futurfinances.com\/ca\/hipoteca-per-a-funcionaris\/\" \/>\n<meta property=\"og:site_name\" content=\"Futur Finances\" \/>\n<meta property=\"article:modified_time\" content=\"2022-09-07T13:53:56+00:00\" \/>\n<meta name=\"twitter:card\" content=\"summary_large_image\" \/>\n<meta name=\"twitter:label1\" content=\"Est. reading time\" \/>\n\t<meta name=\"twitter:data1\" content=\"4 minutes\" \/>\n<script type=\"application\/ld+json\" class=\"yoast-schema-graph\">{\"@context\":\"https:\/\/schema.org\",\"@graph\":[{\"@type\":\"WebPage\",\"@id\":\"https:\/\/futurfinances.com\/ca\/hipoteca-per-a-funcionaris\/\",\"url\":\"https:\/\/futurfinances.com\/ca\/hipoteca-per-a-funcionaris\/\",\"name\":\"Hipoteca per a funcionaris amb gesti\u00f3 experta - Futur Finances\",\"isPartOf\":{\"@id\":\"https:\/\/futurfinances.com\/ca\/#website\"},\"primaryImageOfPage\":{\"@id\":\"https:\/\/futurfinances.com\/ca\/hipoteca-per-a-funcionaris\/#primaryimage\"},\"image\":{\"@id\":\"https:\/\/futurfinances.com\/ca\/hipoteca-per-a-funcionaris\/#primaryimage\"},\"thumbnailUrl\":\"https:\/\/futurfinances.com\/wp-content\/uploads\/2018\/07\/hipotecas_funcionarios.jpg\",\"datePublished\":\"2022-09-07T06:55:14+00:00\",\"dateModified\":\"2022-09-07T13:53:56+00:00\",\"description\":\"Hipoteca per a funcionaris 100% a partir de 1,70% nominal fix (2,546% TAE) i Euribor+0,49% variable (TAE var 1,129%)! Brokers experts.\",\"breadcrumb\":{\"@id\":\"https:\/\/futurfinances.com\/ca\/hipoteca-per-a-funcionaris\/#breadcrumb\"},\"inLanguage\":\"ca-es\",\"potentialAction\":[{\"@type\":\"ReadAction\",\"target\":[\"https:\/\/futurfinances.com\/ca\/hipoteca-per-a-funcionaris\/\"]}]},{\"@type\":\"ImageObject\",\"inLanguage\":\"ca-es\",\"@id\":\"https:\/\/futurfinances.com\/ca\/hipoteca-per-a-funcionaris\/#primaryimage\",\"url\":\"https:\/\/futurfinances.com\/wp-content\/uploads\/2018\/07\/hipotecas_funcionarios.jpg\",\"contentUrl\":\"https:\/\/futurfinances.com\/wp-content\/uploads\/2018\/07\/hipotecas_funcionarios.jpg\",\"width\":1594,\"height\":600,\"caption\":\"Hipoteca para funcionarios\"},{\"@type\":\"BreadcrumbList\",\"@id\":\"https:\/\/futurfinances.com\/ca\/hipoteca-per-a-funcionaris\/#breadcrumb\",\"itemListElement\":[{\"@type\":\"ListItem\",\"position\":1,\"name\":\"Portada\",\"item\":\"https:\/\/futurfinances.com\/ca\/\"},{\"@type\":\"ListItem\",\"position\":2,\"name\":\"Hipoteca per a funcionaris\"}]},{\"@type\":\"WebSite\",\"@id\":\"https:\/\/futurfinances.com\/ca\/#website\",\"url\":\"https:\/\/futurfinances.com\/ca\/\",\"name\":\"Futur Finances\",\"description\":\"Informaci\u00f3n independiente sobre hipotecas y broker hipotecario\",\"publisher\":{\"@id\":\"https:\/\/futurfinances.com\/ca\/#organization\"},\"potentialAction\":[{\"@type\":\"SearchAction\",\"target\":{\"@type\":\"EntryPoint\",\"urlTemplate\":\"https:\/\/futurfinances.com\/ca\/?s={search_term_string}\"},\"query-input\":{\"@type\":\"PropertyValueSpecification\",\"valueRequired\":true,\"valueName\":\"search_term_string\"}}],\"inLanguage\":\"ca-es\"},{\"@type\":\"Organization\",\"@id\":\"https:\/\/futurfinances.com\/ca\/#organization\",\"name\":\"Futur Finances\",\"url\":\"https:\/\/futurfinances.com\/ca\/\",\"logo\":{\"@type\":\"ImageObject\",\"inLanguage\":\"ca-es\",\"@id\":\"https:\/\/futurfinances.com\/ca\/#\/schema\/logo\/image\/\",\"url\":\"https:\/\/futurfinances.com\/wp-content\/uploads\/2012\/03\/Logo_Futur_Finances_200.png\",\"contentUrl\":\"https:\/\/futurfinances.com\/wp-content\/uploads\/2012\/03\/Logo_Futur_Finances_200.png\",\"width\":200,\"height\":74,\"caption\":\"Futur Finances\"},\"image\":{\"@id\":\"https:\/\/futurfinances.com\/ca\/#\/schema\/logo\/image\/\"}}]}<\/script>\n<!-- \/ Yoast SEO plugin. -->","yoast_head_json":{"title":"Hipoteca per a funcionaris amb gesti\u00f3 experta - Futur Finances","description":"Hipoteca per a funcionaris 100% a partir de 1,70% nominal fix (2,546% TAE) i Euribor+0,49% variable (TAE var 1,129%)! Brokers experts.","robots":{"index":"index","follow":"follow","max-snippet":"max-snippet:-1","max-image-preview":"max-image-preview:large","max-video-preview":"max-video-preview:-1"},"canonical":"https:\/\/futurfinances.com\/ca\/hipoteca-per-a-funcionaris\/","og_locale":"en_US","og_type":"article","og_title":"Hipoteca per a funcionaris amb gesti\u00f3 experta - Futur Finances","og_description":"Hipoteca per a funcionaris 100% a partir de 1,70% nominal fix (2,546% TAE) i Euribor+0,49% variable (TAE var 1,129%)! Brokers experts.","og_url":"https:\/\/futurfinances.com\/ca\/hipoteca-per-a-funcionaris\/","og_site_name":"Futur Finances","article_modified_time":"2022-09-07T13:53:56+00:00","twitter_card":"summary_large_image","twitter_misc":{"Est. reading time":"4 minutes"},"schema":{"@context":"https:\/\/schema.org","@graph":[{"@type":"WebPage","@id":"https:\/\/futurfinances.com\/ca\/hipoteca-per-a-funcionaris\/","url":"https:\/\/futurfinances.com\/ca\/hipoteca-per-a-funcionaris\/","name":"Hipoteca per a funcionaris amb gesti\u00f3 experta - Futur Finances","isPartOf":{"@id":"https:\/\/futurfinances.com\/ca\/#website"},"primaryImageOfPage":{"@id":"https:\/\/futurfinances.com\/ca\/hipoteca-per-a-funcionaris\/#primaryimage"},"image":{"@id":"https:\/\/futurfinances.com\/ca\/hipoteca-per-a-funcionaris\/#primaryimage"},"thumbnailUrl":"https:\/\/futurfinances.com\/wp-content\/uploads\/2018\/07\/hipotecas_funcionarios.jpg","datePublished":"2022-09-07T06:55:14+00:00","dateModified":"2022-09-07T13:53:56+00:00","description":"Hipoteca per a funcionaris 100% a partir de 1,70% nominal fix (2,546% TAE) i Euribor+0,49% variable (TAE var 1,129%)! Brokers experts.","breadcrumb":{"@id":"https:\/\/futurfinances.com\/ca\/hipoteca-per-a-funcionaris\/#breadcrumb"},"inLanguage":"ca-es","potentialAction":[{"@type":"ReadAction","target":["https:\/\/futurfinances.com\/ca\/hipoteca-per-a-funcionaris\/"]}]},{"@type":"ImageObject","inLanguage":"ca-es","@id":"https:\/\/futurfinances.com\/ca\/hipoteca-per-a-funcionaris\/#primaryimage","url":"https:\/\/futurfinances.com\/wp-content\/uploads\/2018\/07\/hipotecas_funcionarios.jpg","contentUrl":"https:\/\/futurfinances.com\/wp-content\/uploads\/2018\/07\/hipotecas_funcionarios.jpg","width":1594,"height":600,"caption":"Hipoteca para funcionarios"},{"@type":"BreadcrumbList","@id":"https:\/\/futurfinances.com\/ca\/hipoteca-per-a-funcionaris\/#breadcrumb","itemListElement":[{"@type":"ListItem","position":1,"name":"Portada","item":"https:\/\/futurfinances.com\/ca\/"},{"@type":"ListItem","position":2,"name":"Hipoteca per a funcionaris"}]},{"@type":"WebSite","@id":"https:\/\/futurfinances.com\/ca\/#website","url":"https:\/\/futurfinances.com\/ca\/","name":"Futur Finances","description":"Informaci\u00f3n independiente sobre hipotecas y broker hipotecario","publisher":{"@id":"https:\/\/futurfinances.com\/ca\/#organization"},"potentialAction":[{"@type":"SearchAction","target":{"@type":"EntryPoint","urlTemplate":"https:\/\/futurfinances.com\/ca\/?s={search_term_string}"},"query-input":{"@type":"PropertyValueSpecification","valueRequired":true,"valueName":"search_term_string"}}],"inLanguage":"ca-es"},{"@type":"Organization","@id":"https:\/\/futurfinances.com\/ca\/#organization","name":"Futur Finances","url":"https:\/\/futurfinances.com\/ca\/","logo":{"@type":"ImageObject","inLanguage":"ca-es","@id":"https:\/\/futurfinances.com\/ca\/#\/schema\/logo\/image\/","url":"https:\/\/futurfinances.com\/wp-content\/uploads\/2012\/03\/Logo_Futur_Finances_200.png","contentUrl":"https:\/\/futurfinances.com\/wp-content\/uploads\/2012\/03\/Logo_Futur_Finances_200.png","width":200,"height":74,"caption":"Futur Finances"},"image":{"@id":"https:\/\/futurfinances.com\/ca\/#\/schema\/logo\/image\/"}}]}},"_links":{"self":[{"href":"https:\/\/futurfinances.com\/ca\/wp-json\/wp\/v2\/pages\/20026","targetHints":{"allow":["GET"]}}],"collection":[{"href":"https:\/\/futurfinances.com\/ca\/wp-json\/wp\/v2\/pages"}],"about":[{"href":"https:\/\/futurfinances.com\/ca\/wp-json\/wp\/v2\/types\/page"}],"author":[{"embeddable":true,"href":"https:\/\/futurfinances.com\/ca\/wp-json\/wp\/v2\/users\/2"}],"replies":[{"embeddable":true,"href":"https:\/\/futurfinances.com\/ca\/wp-json\/wp\/v2\/comments?post=20026"}],"version-history":[{"count":0,"href":"https:\/\/futurfinances.com\/ca\/wp-json\/wp\/v2\/pages\/20026\/revisions"}],"wp:featuredmedia":[{"embeddable":true,"href":"https:\/\/futurfinances.com\/ca\/wp-json\/wp\/v2\/media\/50766"}],"wp:attachment":[{"href":"https:\/\/futurfinances.com\/ca\/wp-json\/wp\/v2\/media?parent=20026"}],"curies":[{"name":"wp","href":"https:\/\/api.w.org\/{rel}","templated":true}]}}