{"id":20062,"date":"2022-09-07T07:26:34","date_gmt":"2022-09-07T06:26:34","guid":{"rendered":"https:\/\/futurfinances.com\/?page_id=20062"},"modified":"2022-09-07T17:48:08","modified_gmt":"2022-09-07T16:48:08","slug":"hipoteca-a-barcelona","status":"publish","type":"page","link":"https:\/\/futurfinances.com\/ca\/hipoteca-a-barcelona\/","title":{"rendered":"Hipoteca a Barcelona"},"content":{"rendered":"<div id='av_section_1'  class='avia-section av-of5g-7822c1bf53cfd9c094014957ad10f66e main_color avia-section-no-padding avia-no-border-styling  avia-builder-el-0  el_before_av_textblock  avia-builder-el-first  av-mini-hide avia-bg-style-scroll container_wrap sidebar_right'  ><div class='container av-section-cont-open' ><main  role=\"main\" itemprop=\"mainContentOfPage\"  class='template-page content  av-content-small alpha units'><div class='post-entry post-entry-type-page post-entry-20062'><div class='entry-content-wrapper clearfix'>\r\n\n<style type=\"text\/css\" data-created_by=\"avia_inline_auto\" id=\"style-css-av-ko2sjgex-8c8eac52575ce648c6e70652ae71607f\">\n.avia-image-container.av-ko2sjgex-8c8eac52575ce648c6e70652ae71607f img.avia_image{\nbox-shadow:none;\n}\n.avia-image-container.av-ko2sjgex-8c8eac52575ce648c6e70652ae71607f .av-image-caption-overlay-center{\ncolor:#ffffff;\n}\n<\/style>\n<div  class='avia-image-container av-ko2sjgex-8c8eac52575ce648c6e70652ae71607f av-styling- avia-align-center  avia-builder-el-1  avia-builder-el-no-sibling '   itemprop=\"image\" itemscope=\"itemscope\" itemtype=\"https:\/\/schema.org\/ImageObject\" ><div class=\"avia-image-container-inner\"><div class=\"avia-image-overlay-wrap\"><img decoding=\"async\" fetchpriority=\"high\" class='wp-image-7529 avia-img-lazy-loading-not-7529 avia_image ' src=\"https:\/\/futurfinances.com\/wp-content\/uploads\/2018\/07\/barcelona-3226639_1920_opt-1500x600.jpg\" alt='Hipotecas en Barcelona' title='Barcelona: panor\u00e1mica'  height=\"600\" width=\"1500\"  itemprop=\"thumbnailUrl\"  \/><\/div><\/div><\/div>\r\n<\/div><\/div><\/main><!-- close content main element --><\/div><\/div><div id='after_section_1'  class='main_color av_default_container_wrap container_wrap sidebar_right'  ><div class='container av-section-cont-open' ><div class='template-page content  av-content-small alpha units'><div class='post-entry post-entry-type-page post-entry-20062'><div class='entry-content-wrapper clearfix'>\r\n\r\n<section  class='av_textblock_section av-8b74k-c7f8becc3e0a2566ac34f8e07bdc5ae7 '   itemscope=\"itemscope\" itemtype=\"https:\/\/schema.org\/CreativeWork\" ><div class='avia_textblock'  itemprop=\"text\" ><p style=\"text-align: justify;\">De la zona de Barcelona i voltants ens arriba un 15% de les visites a Futur Finances, cercant informaci\u00f3 hipotecari en aquesta ciutat. Hem ajudat molts clients de Catalunya a obtenir el producte hipotecari que necessitaven. Col\u00b7laborem amb alguns dels <strong>millors brokers a Barcelona<\/strong> que podran atendre&#8217;t personalment si ho desitges: 2022 ser\u00e0 millor any per a comprar una casa amb hipoteca a Barcelona, a mesura que la vacunaci\u00f3 avanci. Accedeix a les millors hipoteques a Barcelona emplenant el nostre formulari, sense comprom\u00eds:<!-- \/wp:post-content --><\/p>\n<div  class='av_promobox av-oudnbn-4f30246d800a888c60ab37cb02485553 avia-button-yes  avia-builder-el-3  avia-builder-el-no-sibling '><div class='avia-promocontent'><p>\nContacta amb <strong>\u00a0brokers hipotecaris de Barcelona<\/strong><\/p>\n<\/div><div  class='avia-button-wrap av-oudnbn-a0c4a0515f47e14d478b6865faa6fca5-wrap avia-button-right '><a href='https:\/\/futurfinances.com\/buscas-la-mejor-hipoteca-no-pagues-de-mas\/'  class='avia-button av-oudnbn-a0c4a0515f47e14d478b6865faa6fca5 av-link-btn avia-icon_select-no avia-size-large avia-position-right avia-color-blue'  target=\"_blank\"  rel=\"noopener noreferrer\"  aria-label=\"&lt;strong&gt;Contactar&lt;\/strong&gt;\"><span class='avia_iconbox_title' ><strong>Contactar<\/strong><\/span><\/a><\/div><\/div>\n<p style=\"text-align: justify;\">Tenim a m\u00e9s condicions especials segons el col\u00b7lectiu al qual pertanyis; si ets funcionari o empleat d&#8217;una gran empreses, podem oferir-te encara millors condicions.<\/p>\n<h2 style=\"text-align: justify;\">Condicions de les hipoteques a Barcelona<\/h2>\n<p style=\"text-align: justify;\">Amb informaci\u00f3 fins a <strong>30\/09\/2022<\/strong> (subjecta a aprovaci\u00f3 banc\u00e0ria), els brokers hipotecaris de Barcelona seleccionats pel nostre portal poden oferir-te les seg\u00fcents hipoteques (<a href=\"https:\/\/futurfinances.com\/ca\/hipoteca-per-a-funcionaris\/\" target=\"_blank\" rel=\"noopener\">per a funcionaris<\/a>), condicions subjectes a l&#8217;aprovaci\u00f3 de les entitats financeres amb les quals treballen a cada moment (llegir informaci\u00f3 completa <a href=\"https:\/\/hipotecaparafuncionarios.com\/wp-content\/uploads\/2022\/08\/IB_Info_Prec_Hip_Func_Iber_21_08_2022.pdf\" target=\"_blank\" rel=\"noopener nofollow\">aqu\u00ed<\/a>):<\/p>\n<h3>Hipoteca variable Barcelona al 100%<\/h3>\n<ul>\n<li style=\"text-align: justify;\">Tipus nominal variable a partir de <strong>Euribor + 0,49%<\/strong> (<strong>TAE variable 1,192%<\/strong>)<\/li>\n<li style=\"text-align: justify;\">Fins a 30 anys<\/li>\n<li>Finan\u00e7ament de fins al 100% de compravenda<\/li>\n<\/ul>\n<h3>Hipoteca fixa a Barcelona<\/h3>\n<ul>\n<li style=\"text-align: justify;\">Inter\u00e8s nominal fix a partir del <strong>1,70% <\/strong>(<strong>2,546% TAE<\/strong>)<\/li>\n<li style=\"text-align: justify;\">Fins a 30 anys<\/li>\n<li style=\"text-align: justify;\">Finan\u00e7ament de fins al 100% de compravenda<\/li>\n<\/ul>\n<p style=\"text-align: justify;\">Si necessites finan\u00e7ar el teu habitatge a Barcelona no dubtis a sol\u00b7licitar-nos informaci\u00f3 sense comprom\u00eds. T&#8217;oferim un servei de notable<strong> valor afegit<\/strong>:<\/p>\n<ol>\n<li>Professionals en la zona que recopilaran tot la documentaci\u00f3 i et donaran un assessorament personal.<\/li>\n<li>Gesti\u00f3 de tot el proc\u00e9s hipotecari, perqu\u00e8 la teva preocupaci\u00f3 sigui nom\u00e9s triar la teva casa i signar una hipoteca barata<\/li>\n<li>Negociem amb els bancs en el teu nom: aconseguim millors condicions que si acudeixes directament a l&#8217;entitat. Tramitem moltes hipoteques i coneixem detalladament l&#8217;oferta hipotec\u00e0ria; aix\u00f2 ens d\u00f3na un poder de negociaci\u00f3 que no est\u00e0 a l&#8217;abast de la majoria de clients particulars.<\/li>\n<\/ol>\n<p style=\"text-align: justify;\">Serem, en definitiva, el teu millor aliat per a obtenir un pr\u00e9stec hipotecari a Catalunya amb les millors condicions i sense lletra petita nociva per als teus interessos.<\/p>\n<p style=\"text-align: justify;\">En la seva primera aparici\u00f3 en Salvados el 29 de gener de 2012, Jordi \u00c9vole va entrevistar a Pau A. Monserrat en la Platja de Bugatell:<\/p>\n<p style=\"text-align: center;\"><iframe title=\"YouTube video player\" src=\"https:\/\/www.youtube.com\/embed\/RPEX2WscZhk\" width=\"560\" height=\"315\" frameborder=\"0\" allowfullscreen=\"allowfullscreen\"><\/iframe><\/p>\n<p style=\"text-align: justify;\">Si vius a Barcelona i necessites una hipoteca, no dubtis a sol\u00b7licitar informaci\u00f3 a Futur Finances.<\/p>\n<p style=\"text-align: justify;\">Els experts hipotecaris de Futur Finances estarem encantats de poder cercar totes les possibilitats al teu abast per aconseguir <strong>la millor hipoteca del mercat<\/strong>. En aquest apartat anirem donant informaci\u00f3 del mercat hipotecari de Barcelona i Catalunya, que pugui ser del vostre\u00a0inter\u00e8s.<\/p>\n<p style=\"text-align: justify;\">No dubtis en\u00a0<a href=\"https:\/\/futurfinances.com\/buscas-la-mejor-hipoteca-no-pagues-de-mas\/\">sol\u00b7licitar informaci\u00f3n<\/a> sobre la teva hipoteca de forma gratuita i sense comprom\u00eds.<\/p>\n<\/div><\/section><!-- \/wp:freeform -->","protected":false},"excerpt":{"rendered":"<\/div>\n<\/div>\n<\/div>\n<p><!-- close content main div --><\/div>\n<\/div>\n<div id='av_section_2'  class='avia-section av-of5g-7822c1bf53cfd9c094014957ad10f66e main_color avia-section-no-padding avia-no-border-styling av-mini-hide avia-bg-style-scroll container_wrap sidebar_right'  >\n<div class='container av-section-cont-open' >\n<div class='template-page content  av-content-small alpha units'>\n<div class='post-entry post-entry-type-page post-entry-20062'>\n<div class='entry-content-wrapper clearfix'>\n<style type=\"text\/css\" data-created_by=\"avia_inline_auto\" id=\"style-css-av-ko2sjgex-8c8eac52575ce648c6e70652ae71607f\">\n.avia-image-container.av-ko2sjgex-8c8eac52575ce648c6e70652ae71607f img.avia_image{\nbox-shadow:none;\n}\n.avia-image-container.av-ko2sjgex-8c8eac52575ce648c6e70652ae71607f .av-image-caption-overlay-center{\ncolor:#ffffff;\n}\n<\/style>\n<div  class='avia-image-container av-ko2sjgex-8c8eac52575ce648c6e70652ae71607f av-styling- avia-align-center'   itemprop=\"image\" itemscope=\"itemscope\" itemtype=\"https:\/\/schema.org\/ImageObject\" >\n<div class=\"avia-image-container-inner\">\n<div class=\"avia-image-overlay-wrap\"><\/div>\n<\/div>\n<\/div>\n<\/div>\n<\/div>\n<\/div>\n<p><!-- close content main div --><\/div>\n<\/div>\n<div id='after_section_2'  class='main_color av_default_container_wrap container_wrap sidebar_right'  >\n<div class='container av-section-cont-open' >\n<div class='template-page content  av-content-small alpha units'>\n<div class='post-entry post-entry-type-page post-entry-20062'>\n<div class='entry-content-wrapper clearfix'>\n<section  class='av_textblock_section av-8b74k-c7f8becc3e0a2566ac34f8e07bdc5ae7 '   itemscope=\"itemscope\" itemtype=\"https:\/\/schema.org\/CreativeWork\" >\n<div class='avia_textblock'  itemprop=\"text\" >\n<p style=\"text-align: justify;\">De la zona de Barcelona i voltants ens arriba un 15% de les visites a Futur Finances, cercant informaci\u00f3 hipotecari en aquesta ciutat. Hem ajudat molts clients de Catalunya a obtenir el producte hipotecari que necessitaven. Col\u00b7laborem amb alguns dels <strong>millors brokers a Barcelona<\/strong> que podran atendre&#8217;t personalment si ho desitges: 2022 ser\u00e0 millor any per a comprar una casa amb hipoteca a Barcelona, a mesura que la vacunaci\u00f3 avanci. Accedeix a les millors hipoteques a Barcelona emplenant el nostre formulari, sense comprom\u00eds:<!-- \/wp:post-content --><\/p>\n","protected":false},"author":2,"featured_media":0,"parent":0,"menu_order":2,"comment_status":"open","ping_status":"open","template":"","meta":{"footnotes":""},"class_list":["post-20062","page","type-page","status-publish","hentry"],"yoast_head":"<!-- This site is optimized with the Yoast SEO plugin v27.2 - https:\/\/yoast.com\/product\/yoast-seo-wordpress\/ -->\n<title>Hipoteca a Barcelona 2022 - Futur Finances<\/title>\n<meta name=\"description\" content=\"Contracta amb l&#039;ajuda de brokers hipotecaris seleccionats la hipoteca \u00f2ptima en 2022. Decideix amb tota la informaci\u00f3!\" \/>\n<meta name=\"robots\" content=\"index, follow, max-snippet:-1, max-image-preview:large, max-video-preview:-1\" \/>\n<link rel=\"canonical\" href=\"https:\/\/futurfinances.com\/ca\/hipoteca-a-barcelona\/\" \/>\n<meta property=\"og:locale\" content=\"en_US\" \/>\n<meta property=\"og:type\" content=\"article\" \/>\n<meta property=\"og:title\" content=\"Hipoteca a Barcelona 2022 - Futur Finances\" \/>\n<meta property=\"og:description\" content=\"Contracta amb l&#039;ajuda de brokers hipotecaris seleccionats la hipoteca \u00f2ptima en 2022. Decideix amb tota la informaci\u00f3!\" \/>\n<meta property=\"og:url\" content=\"https:\/\/futurfinances.com\/ca\/hipoteca-a-barcelona\/\" \/>\n<meta property=\"og:site_name\" content=\"Futur Finances\" \/>\n<meta property=\"article:modified_time\" content=\"2022-09-07T16:48:08+00:00\" \/>\n<meta name=\"twitter:card\" content=\"summary_large_image\" \/>\n<meta name=\"twitter:label1\" content=\"Est. reading time\" \/>\n\t<meta name=\"twitter:data1\" content=\"6 minutes\" \/>\n<script type=\"application\/ld+json\" class=\"yoast-schema-graph\">{\"@context\":\"https:\/\/schema.org\",\"@graph\":[{\"@type\":\"WebPage\",\"@id\":\"https:\/\/futurfinances.com\/ca\/hipoteca-a-barcelona\/\",\"url\":\"https:\/\/futurfinances.com\/ca\/hipoteca-a-barcelona\/\",\"name\":\"Hipoteca a Barcelona 2022 - Futur Finances\",\"isPartOf\":{\"@id\":\"https:\/\/futurfinances.com\/ca\/#website\"},\"datePublished\":\"2022-09-07T06:26:34+00:00\",\"dateModified\":\"2022-09-07T16:48:08+00:00\",\"description\":\"Contracta amb l'ajuda de brokers hipotecaris seleccionats la hipoteca \u00f2ptima en 2022. Decideix amb tota la informaci\u00f3!\",\"breadcrumb\":{\"@id\":\"https:\/\/futurfinances.com\/ca\/hipoteca-a-barcelona\/#breadcrumb\"},\"inLanguage\":\"ca-es\",\"potentialAction\":[{\"@type\":\"ReadAction\",\"target\":[\"https:\/\/futurfinances.com\/ca\/hipoteca-a-barcelona\/\"]}]},{\"@type\":\"BreadcrumbList\",\"@id\":\"https:\/\/futurfinances.com\/ca\/hipoteca-a-barcelona\/#breadcrumb\",\"itemListElement\":[{\"@type\":\"ListItem\",\"position\":1,\"name\":\"Portada\",\"item\":\"https:\/\/futurfinances.com\/ca\/\"},{\"@type\":\"ListItem\",\"position\":2,\"name\":\"Hipoteca a Barcelona\"}]},{\"@type\":\"WebSite\",\"@id\":\"https:\/\/futurfinances.com\/ca\/#website\",\"url\":\"https:\/\/futurfinances.com\/ca\/\",\"name\":\"Futur Finances\",\"description\":\"Informaci\u00f3n independiente sobre hipotecas y broker hipotecario\",\"publisher\":{\"@id\":\"https:\/\/futurfinances.com\/ca\/#organization\"},\"potentialAction\":[{\"@type\":\"SearchAction\",\"target\":{\"@type\":\"EntryPoint\",\"urlTemplate\":\"https:\/\/futurfinances.com\/ca\/?s={search_term_string}\"},\"query-input\":{\"@type\":\"PropertyValueSpecification\",\"valueRequired\":true,\"valueName\":\"search_term_string\"}}],\"inLanguage\":\"ca-es\"},{\"@type\":\"Organization\",\"@id\":\"https:\/\/futurfinances.com\/ca\/#organization\",\"name\":\"Futur Finances\",\"url\":\"https:\/\/futurfinances.com\/ca\/\",\"logo\":{\"@type\":\"ImageObject\",\"inLanguage\":\"ca-es\",\"@id\":\"https:\/\/futurfinances.com\/ca\/#\/schema\/logo\/image\/\",\"url\":\"https:\/\/futurfinances.com\/wp-content\/uploads\/2012\/03\/Logo_Futur_Finances_200.png\",\"contentUrl\":\"https:\/\/futurfinances.com\/wp-content\/uploads\/2012\/03\/Logo_Futur_Finances_200.png\",\"width\":200,\"height\":74,\"caption\":\"Futur Finances\"},\"image\":{\"@id\":\"https:\/\/futurfinances.com\/ca\/#\/schema\/logo\/image\/\"}}]}<\/script>\n<!-- \/ Yoast SEO plugin. -->","yoast_head_json":{"title":"Hipoteca a Barcelona 2022 - Futur Finances","description":"Contracta amb l'ajuda de brokers hipotecaris seleccionats la hipoteca \u00f2ptima en 2022. Decideix amb tota la informaci\u00f3!","robots":{"index":"index","follow":"follow","max-snippet":"max-snippet:-1","max-image-preview":"max-image-preview:large","max-video-preview":"max-video-preview:-1"},"canonical":"https:\/\/futurfinances.com\/ca\/hipoteca-a-barcelona\/","og_locale":"en_US","og_type":"article","og_title":"Hipoteca a Barcelona 2022 - Futur Finances","og_description":"Contracta amb l'ajuda de brokers hipotecaris seleccionats la hipoteca \u00f2ptima en 2022. Decideix amb tota la informaci\u00f3!","og_url":"https:\/\/futurfinances.com\/ca\/hipoteca-a-barcelona\/","og_site_name":"Futur Finances","article_modified_time":"2022-09-07T16:48:08+00:00","twitter_card":"summary_large_image","twitter_misc":{"Est. reading time":"6 minutes"},"schema":{"@context":"https:\/\/schema.org","@graph":[{"@type":"WebPage","@id":"https:\/\/futurfinances.com\/ca\/hipoteca-a-barcelona\/","url":"https:\/\/futurfinances.com\/ca\/hipoteca-a-barcelona\/","name":"Hipoteca a Barcelona 2022 - Futur Finances","isPartOf":{"@id":"https:\/\/futurfinances.com\/ca\/#website"},"datePublished":"2022-09-07T06:26:34+00:00","dateModified":"2022-09-07T16:48:08+00:00","description":"Contracta amb l'ajuda de brokers hipotecaris seleccionats la hipoteca \u00f2ptima en 2022. Decideix amb tota la informaci\u00f3!","breadcrumb":{"@id":"https:\/\/futurfinances.com\/ca\/hipoteca-a-barcelona\/#breadcrumb"},"inLanguage":"ca-es","potentialAction":[{"@type":"ReadAction","target":["https:\/\/futurfinances.com\/ca\/hipoteca-a-barcelona\/"]}]},{"@type":"BreadcrumbList","@id":"https:\/\/futurfinances.com\/ca\/hipoteca-a-barcelona\/#breadcrumb","itemListElement":[{"@type":"ListItem","position":1,"name":"Portada","item":"https:\/\/futurfinances.com\/ca\/"},{"@type":"ListItem","position":2,"name":"Hipoteca a Barcelona"}]},{"@type":"WebSite","@id":"https:\/\/futurfinances.com\/ca\/#website","url":"https:\/\/futurfinances.com\/ca\/","name":"Futur Finances","description":"Informaci\u00f3n independiente sobre hipotecas y broker hipotecario","publisher":{"@id":"https:\/\/futurfinances.com\/ca\/#organization"},"potentialAction":[{"@type":"SearchAction","target":{"@type":"EntryPoint","urlTemplate":"https:\/\/futurfinances.com\/ca\/?s={search_term_string}"},"query-input":{"@type":"PropertyValueSpecification","valueRequired":true,"valueName":"search_term_string"}}],"inLanguage":"ca-es"},{"@type":"Organization","@id":"https:\/\/futurfinances.com\/ca\/#organization","name":"Futur Finances","url":"https:\/\/futurfinances.com\/ca\/","logo":{"@type":"ImageObject","inLanguage":"ca-es","@id":"https:\/\/futurfinances.com\/ca\/#\/schema\/logo\/image\/","url":"https:\/\/futurfinances.com\/wp-content\/uploads\/2012\/03\/Logo_Futur_Finances_200.png","contentUrl":"https:\/\/futurfinances.com\/wp-content\/uploads\/2012\/03\/Logo_Futur_Finances_200.png","width":200,"height":74,"caption":"Futur Finances"},"image":{"@id":"https:\/\/futurfinances.com\/ca\/#\/schema\/logo\/image\/"}}]}},"_links":{"self":[{"href":"https:\/\/futurfinances.com\/ca\/wp-json\/wp\/v2\/pages\/20062","targetHints":{"allow":["GET"]}}],"collection":[{"href":"https:\/\/futurfinances.com\/ca\/wp-json\/wp\/v2\/pages"}],"about":[{"href":"https:\/\/futurfinances.com\/ca\/wp-json\/wp\/v2\/types\/page"}],"author":[{"embeddable":true,"href":"https:\/\/futurfinances.com\/ca\/wp-json\/wp\/v2\/users\/2"}],"replies":[{"embeddable":true,"href":"https:\/\/futurfinances.com\/ca\/wp-json\/wp\/v2\/comments?post=20062"}],"version-history":[{"count":0,"href":"https:\/\/futurfinances.com\/ca\/wp-json\/wp\/v2\/pages\/20062\/revisions"}],"wp:attachment":[{"href":"https:\/\/futurfinances.com\/ca\/wp-json\/wp\/v2\/media?parent=20062"}],"curies":[{"name":"wp","href":"https:\/\/api.w.org\/{rel}","templated":true}]}}